{"id":1956,"date":"2017-06-07T13:30:16","date_gmt":"2017-06-07T10:30:16","guid":{"rendered":"http:\/\/ieramepats.lv\/delivery-and-payments\/"},"modified":"2020-11-24T10:04:59","modified_gmt":"2020-11-24T08:04:59","slug":"delivery-and-payments","status":"publish","type":"page","link":"https:\/\/ieramepats.lv\/en\/delivery-and-payments\/","title":{"rendered":"Delivery and payments"},"content":{"rendered":"<p style=\"text-align: justify;\"><span style=\"font-family: georgia, palatino, serif; font-size: 20px; color: #404040;\"><strong>Payment<\/strong><\/span><\/p>\n<p style=\"text-align: justify;\"><span style=\"font-family: georgia, palatino, serif; font-size: 16px; color: #404040;\">Currently the only avaialable method of payment in the internet shop www.ieramepats.lv is prepaid wire transfer. Payment can be made via your internet bank (SEB, Parex, Swedbank, DnB Nord etc) or in any bank office on the basis of order acknowledgment and order number that you will receive in your e-mail.<\/span><\/p>\n<p style=\"text-align: justify;\"><span style=\"font-family: georgia, palatino, serif; font-size: 16px; color: #404040;\">Order fulfillment and delivery commences after receiving the wire transfer funds in our bank account. Orders that are not prepaid within 5 working days are canceled.<\/span><\/p>\n<p>&nbsp;<\/p>\n<p style=\"text-align: justify;\"><span style=\"font-family: georgia, palatino, serif; font-size: 20px; color: #404040;\"><strong>Order fulfillment, delivery and payment for delivery<\/strong><\/span><\/p>\n<p style=\"text-align: justify;\"><span style=\"font-family: georgia, palatino, serif; font-size: 16px; color: #404040;\">Orders are fulfilled within 2-3 working days, after receiving the payment.<\/span><br \/>\n<span style=\"font-family: georgia, palatino, serif; font-size: 16px; color: #404040;\"> During the ordering process you can choose order delivery type. Currently we offer:<\/span><\/p>\n<ul style=\"text-align: justify;\">\n<li><span style=\"font-family: georgia, palatino, serif; font-size: 16px; color: #404040;\">you can get your order in our framing workshop in Riga, Dzirnavu street 3 from 10:00-18:00 (except Saturdays and Sundays) for free;<\/span><\/li>\n<li><span style=\"color: #404040; font-family: georgia, palatino, serif; font-size: 16px;\">delivery in Riga (<strong>Zone 1*<\/strong>) of frames (not exceeding 170cm x 110cm dimension) and Arti Teq hanging systems:\u00a0\u20ac 10<\/span><\/li>\n<li><span style=\"color: #404040; font-family: georgia, palatino, serif; font-size: 16px;\">delivery in Riga (<strong>Zone 2**<\/strong>) of frames (not exceeding 170cm x 110cm dimension) and Arti Teq hanging systems:\u00a0\u20ac 17<\/span><\/li>\n<li><span style=\"color: #404040; font-family: georgia, palatino, serif; font-size: 16px;\">delivery in Riga region (<strong>Zone 3***<\/strong>) of frames (not exceeding 170cm x 110cm dimension) and Arti Teq hanging systems:\u00a0\u20ac 25<\/span><\/li>\n<li><span style=\"font-family: georgia, palatino, serif; font-size: 16px; color: #404040;\">delivery of artworks that are larger than 170 x 110 cm (we will contact you and specify the cost of delivery).<\/span><\/li>\n<\/ul>\n<p style=\"text-align: justify;\"><span style=\"font-family: georgia, palatino, serif; font-size: 16px; color: #404040;\"><strong>* Zone 1<\/strong> &#8211;\u00a0Vecr\u012bga, Centrs, P\u0113tersala, Andrejsala, Sarkandaugava, Skanste, Brasa, Gr\u012bzi\u0146kalns, Avoti, Maskavas for\u0161tate, Salas, Tor\u0146kalns, \u0100genskalns, Zasulauks, \u0136\u012bpsala, Dzirciems, I\u013c\u0123uciems.<\/span><\/p>\n<p style=\"text-align: justify;\"><span style=\"font-family: georgia, palatino, serif; font-size: 16px; color: #404040;\"><strong>** Zone 2<\/strong> &#8211;\u00a0Manga\u013csala, Vec\u0101\u0137i, Vecdauguava, Vecmilgr\u0101vis, Tr\u012bsciems, Jaunciems, Su\u017ei, Bukulti, Ber\u0123i, Brek\u0161i, Jugla, Kundzi\u0146sala, Milgr\u0101vis, Me\u017eparks, \u010ciekurkalns, Teika, Me\u017eciems, Purvciems, Dreili\u0146i, D\u0101rzciems, P\u013cavnieki, \u0160\u0137irotava, \u0136engarags, Rumbula, D\u0101rzi\u0146i, Bi\u0161u mui\u017ea, Ziepniekkalns, Atg\u0101zene, Bieri\u0146i, Pleskod\u0101le, \u0160amp\u0113ters, Zolit\u016bde, M\u016bkupurvs, Beberbe\u0137i, Imanta, Spilve, Kleisti, R\u012btabu\u013c\u013ci, Bolder\u0101ja, Daugavgr\u012bva, Voleri.<\/span><\/p>\n<p style=\"text-align: justify;\"><span style=\"font-family: georgia, palatino, serif; font-size: 16px; color: #404040;\"><strong>*** Zone 3<\/strong> &#8211;\u00a0Bab\u012bte, M\u0101rupe, Balo\u017ei, Dreili\u0146i, Ulbroka, Ber\u0123i, Upesceims, Langsti\u0146i, Baltezers.<\/span><\/p>\n<p><span style=\"font-family: georgia, palatino, serif; font-size: 16px; color: #404040;\"><img loading=\"lazy\" class=\"alignnone size-medium wp-image-4362\" src=\"https:\/\/ieramepats.lv\/wp-content\/uploads\/2020\/11\/piegades-Riga-500x470.jpg\" alt=\"pieg\u0101des R\u012bg\u0101 un t\u0101 apk\u0101rtn\u0113\" width=\"500\" height=\"470\" srcset=\"https:\/\/ieramepats.lv\/wp-content\/uploads\/2020\/11\/piegades-Riga-500x470.jpg 500w, https:\/\/ieramepats.lv\/wp-content\/uploads\/2020\/11\/piegades-Riga-768x722.jpg 768w, https:\/\/ieramepats.lv\/wp-content\/uploads\/2020\/11\/piegades-Riga-1200x1129.jpg 1200w, https:\/\/ieramepats.lv\/wp-content\/uploads\/2020\/11\/piegades-Riga-360x339.jpg 360w, https:\/\/ieramepats.lv\/wp-content\/uploads\/2020\/11\/piegades-Riga.jpg 2048w\" sizes=\"(max-width: 500px) 100vw, 500px\" \/><\/span><\/p>\n<p>&nbsp;<\/p>\n<p style=\"text-align: justify;\"><span style=\"font-family: georgia, palatino, serif; font-size: 20px; color: #404040;\"><strong>Money back guarantee<\/strong><\/span><\/p>\n<p style=\"text-align: justify;\"><span style=\"font-family: georgia, palatino, serif; font-size: 16px; color: #404040;\">According to the legislation of Latvia, you have the right to change your mind and refuse your order within 14 days since receiving the goods. If you return the goods without any damage and in full kit, we will return your payment in full. If you choose to return the goods, please deliver them to Doze L Ltd office in Riga, Dzirnavu street 3. Remember to bring the checque or invoice.<\/span><\/p>\n<p style=\"text-align: justify;\"><span style=\"font-family: georgia, palatino, serif; font-size: 16px; color: #404040;\">The money is returned within 7 days as a wire transfer to the bank account from which the order was paid.<\/span><\/p>\n","protected":false},"excerpt":{"rendered":"<p>Payment Currently the only avaialable method of payment in the internet shop www.ieramepats.lv is prepaid wire transfer. Payment can be made via your internet bank (SEB, Parex, Swedbank, DnB Nord etc) or in any bank office on the basis of order acknowledgment and order number that you will receive in your e-mail. Order fulfillment and<a class=\"excerpt-read-more\" href=\"https:\/\/ieramepats.lv\/en\/delivery-and-payments\/\" title=\"ReadDelivery and payments\">&#8230; Read more &raquo;<\/a><\/p>\n","protected":false},"author":4,"featured_media":0,"parent":0,"menu_order":0,"comment_status":"closed","ping_status":"closed","template":"","meta":[],"_links":{"self":[{"href":"https:\/\/ieramepats.lv\/en\/wp-json\/wp\/v2\/pages\/1956"}],"collection":[{"href":"https:\/\/ieramepats.lv\/en\/wp-json\/wp\/v2\/pages"}],"about":[{"href":"https:\/\/ieramepats.lv\/en\/wp-json\/wp\/v2\/types\/page"}],"author":[{"embeddable":true,"href":"https:\/\/ieramepats.lv\/en\/wp-json\/wp\/v2\/users\/4"}],"replies":[{"embeddable":true,"href":"https:\/\/ieramepats.lv\/en\/wp-json\/wp\/v2\/comments?post=1956"}],"version-history":[{"count":4,"href":"https:\/\/ieramepats.lv\/en\/wp-json\/wp\/v2\/pages\/1956\/revisions"}],"predecessor-version":[{"id":4369,"href":"https:\/\/ieramepats.lv\/en\/wp-json\/wp\/v2\/pages\/1956\/revisions\/4369"}],"wp:attachment":[{"href":"https:\/\/ieramepats.lv\/en\/wp-json\/wp\/v2\/media?parent=1956"}],"curies":[{"name":"wp","href":"https:\/\/api.w.org\/{rel}","templated":true}]}}