{"id":702,"date":"2017-05-17T13:07:03","date_gmt":"2017-05-17T10:07:03","guid":{"rendered":"http:\/\/ieramepats.lv\/?post_type=product&#038;p=702\/"},"modified":"2018-03-02T16:25:39","modified_gmt":"2018-03-02T14:25:39","slug":"metala-ramis-dazadas-krasas-5p","status":"publish","type":"product","link":"https:\/\/ieramepats.lv\/en\/product\/metala-ramis-dazadas-krasas-5p\/","title":{"rendered":"Met\u0101la r\u0101mis da\u017e\u0101d\u0101s kr\u0101s\u0101s 5p"},"content":{"rendered":"<p>Met\u0101la r\u0101mis da\u017e\u0101d\u0101s kras\u0101s.<\/p>\n<p><em>*\u00a0Prece var at\u0161\u0137irties no att\u0113l\u0101 redzam\u0101s.\u00a0R\u0101mju cena metr\u0101 ir dota sal\u012bdzin\u0101\u0161anai ar citiem r\u0101mjiem, r\u0101mja kop\u0113j\u0101 cena iek\u013cauj r\u0101mi, darbu un papildus materi\u0101lus (stiklu, kartonu).<\/em><\/p>\n","protected":false},"excerpt":{"rendered":"<p>Met\u0101la r\u0101mis da\u017e\u0101d\u0101s kras\u0101s. *\u00a0Prece var at\u0161\u0137irties no att\u0113l\u0101 redzam\u0101s.\u00a0R\u0101mju cena metr\u0101 ir dota sal\u012bdzin\u0101\u0161anai ar citiem r\u0101mjiem, r\u0101mja kop\u0113j\u0101 cena iek\u013cauj r\u0101mi, darbu un papildus materi\u0101lus (stiklu, kartonu).<\/p>\n","protected":false},"featured_media":712,"comment_status":"open","ping_status":"closed","template":"","meta":[],"_links":{"self":[{"href":"https:\/\/ieramepats.lv\/en\/wp-json\/wp\/v2\/product\/702"}],"collection":[{"href":"https:\/\/ieramepats.lv\/en\/wp-json\/wp\/v2\/product"}],"about":[{"href":"https:\/\/ieramepats.lv\/en\/wp-json\/wp\/v2\/types\/product"}],"replies":[{"embeddable":true,"href":"https:\/\/ieramepats.lv\/en\/wp-json\/wp\/v2\/comments?post=702"}],"wp:featuredmedia":[{"embeddable":true,"href":"https:\/\/ieramepats.lv\/en\/wp-json\/wp\/v2\/media\/712"}],"wp:attachment":[{"href":"https:\/\/ieramepats.lv\/en\/wp-json\/wp\/v2\/media?parent=702"}],"curies":[{"name":"wp","href":"https:\/\/api.w.org\/{rel}","templated":true}]}}