{"id":1953,"date":"2017-06-07T13:23:30","date_gmt":"2017-06-07T10:23:30","guid":{"rendered":"http:\/\/ieramepats.lv\/%d0%b4%d0%be%d1%81%d1%82%d0%b0%d0%b2%d0%ba%d0%b0-%d0%b8-%d0%be%d0%bf%d0%bb%d0%b0%d1%82%d0%b0\/"},"modified":"2020-11-24T10:20:21","modified_gmt":"2020-11-24T08:20:21","slug":"dostavka-oplata","status":"publish","type":"page","link":"https:\/\/ieramepats.lv\/ru\/dostavka-oplata\/","title":{"rendered":"\u0414\u043e\u0441\u0442\u0430\u0432\u043a\u0430 \u0438 \u043e\u043f\u043b\u0430\u0442\u0430"},"content":{"rendered":"<p style=\"text-align: justify;\"><strong>\u041e\u043f\u043b\u0430\u0442\u0430 \u0442\u043e\u0432\u0430\u0440\u043e\u0432<\/strong><\/p>\n<p style=\"text-align: justify;\">\u0412 \u043d\u0430\u0441\u0442\u043e\u044f\u0449\u0435\u0435 \u0432\u0440\u0435\u043c\u044f \u0435\u0434\u0438\u043d\u0441\u0442\u0432\u0435\u043d\u043d\u044b\u043c \u0434\u043e\u0441\u0442\u0443\u043f\u043d\u044b\u043c \u0441\u043f\u043e\u0441\u043e\u0431\u043e\u043c \u043e\u043f\u043b\u0430\u0442\u044b \u0434\u043b\u044f \u043f\u043e\u043a\u0443\u043f\u0430\u0442\u0435\u043b\u0435\u0439, \u0441\u043e\u0432\u0435\u0440\u0448\u0430\u044e\u0449\u0438\u0445 \u043f\u043e\u043a\u0443\u043f\u043a\u0438 \u0432 \u0438\u043d\u0442\u0435\u0440\u043d\u0435\u0442-\u043c\u0430\u0433\u0430\u0437\u0438\u043d\u0435 www.ieramepats.lv, \u044f\u0432\u043b\u044f\u0435\u0442\u0441\u044f \u201c\u041f\u0440\u0435\u0434\u043e\u043f\u043b\u0430\u0442\u0430 \u043f\u0435\u0440\u0435\u0447\u0438\u0441\u043b\u0435\u043d\u0438\u0435\u043c\u201d. \u041f\u0440\u0435\u0434\u043e\u043f\u043b\u0430\u0442\u0443 \u0412\u044b \u043c\u043e\u0436\u0435\u0442\u0435 \u0432\u043d\u0435\u0441\u0442\u0438 \u0441 \u043f\u043e\u043c\u043e\u0449\u044c\u044e \u0441\u0432\u043e\u0435\u0433\u043e \u0438\u043d\u0442\u0435\u0440\u043d\u0435\u0442-\u0431\u0430\u043d\u043a\u0430 (SEB, Parex, Swedbank, DnB Nord, \u0438 \u0434\u0440.) \u0438\u043b\u0438 \u0432 \u043b\u044e\u0431\u043e\u043c \u0444\u0438\u043b\u0438\u0430\u043b\u0435 \u0441\u0432\u043e\u0435\u0433\u043e \u0431\u0430\u043d\u043a\u0430, \u043d\u0430 \u043e\u0441\u043d\u043e\u0432\u0430\u043d\u0438\u0438 \u043f\u043e\u0434\u0442\u0432\u0435\u0440\u0436\u0434\u0435\u043d\u0438\u044f \u0437\u0430\u043a\u0430\u0437\u0430 \u043f\u043e\u043b\u0443\u0447\u0435\u043d\u043d\u043e\u0433\u043e \u043f\u043e \u0412\u0430\u0448\u0435\u043c\u0443 \u0430\u0434\u0440\u0435\u0441\u0443 \u044d\u043b\u0435\u043a\u0442\u0440\u043e\u043d\u043d\u043e\u0439 \u043f\u043e\u0447\u0442\u044b, \u0438 \u0443\u043a\u0430\u0437\u0430\u0432 \u0434\u0430\u043d\u043d\u044b\u0439 \u0432 \u043f\u043e\u0434\u0442\u0432\u0435\u0440\u0436\u0434\u0435\u043d\u0438\u0438 \u043d\u043e\u043c\u0435\u0440 \u0437\u0430\u043a\u0430\u0437\u0430.<\/p>\n<p style=\"text-align: justify;\">\u041a\u043e\u043c\u043f\u043b\u0435\u043a\u0442\u0430\u0446\u0438\u044f \u0438 \u0440\u0430\u0441\u0441\u044b\u043b\u043a\u0430 \u0437\u0430\u043a\u0430\u0437\u043e\u0432 \u043d\u0430\u0447\u0438\u043d\u0430\u0435\u0442\u0441\u044f \u043f\u043e\u0441\u043b\u0435 \u043f\u043e\u043b\u0443\u0447\u0435\u043d\u0438\u044f \u043f\u0440\u0435\u0434\u043e\u043f\u043b\u0430\u0442\u044b (\u043f\u043e\u0441\u0442\u0443\u043f\u043b\u0435\u043d\u0438\u044f \u0434\u0435\u043d\u0435\u0433 \u043d\u0430 \u043d\u0430\u0448 \u0440\u0430\u0441\u0447\u0435\u0442\u043d\u044b\u0439 \u0441\u0447\u0435\u0442 \u0432 \u0431\u0430\u043d\u043a\u0435). \u0417\u0430\u043a\u0430\u0437\u044b, \u043a\u043e\u0442\u043e\u0440\u044b\u0435 \u043d\u0435 \u043e\u043f\u043b\u0430\u0447\u0435\u043d\u044b \u0432 \u0442\u0435\u0447\u0435\u043d\u0438\u0435 5 \u0434\u043d\u0435\u0439 \u043f\u043e\u0441\u043b\u0435 \u043e\u0444\u043e\u0440\u043c\u043b\u0435\u043d\u0438\u044f \u0437\u0430\u043a\u0430\u0437\u0430, \u0430\u043d\u043d\u0443\u043b\u0438\u0440\u0443\u044e\u0442\u0441\u044f.<\/p>\n<p style=\"text-align: justify;\">\u0421\u0440\u043e\u043a \u0438\u0437\u0433\u043e\u0442\u043e\u0432\u043b\u0435\u043d\u0438\u044f \u0437\u0430\u043a\u0430\u0437\u0430, \u0435\u0433\u043e \u0434\u043e\u0441\u0442\u0430\u0432\u043a\u0430 \u0438 \u0441\u0442\u043e\u0438\u043c\u043e\u0441\u0442\u044c \u0434\u043e\u0441\u0442\u0430\u0432\u043a\u0438<\/p>\n<p style=\"text-align: justify;\">\u0417\u0430\u043a\u0430\u0437 \u0438\u0437\u0433\u043e\u0442\u0430\u0432\u043b\u0438\u0432\u0430\u0435\u0442\u0441\u044f \u0432 \u0442\u0435\u0447\u0435\u043d\u0438\u0435 2-3 \u0440\u0430\u0431\u043e\u0447\u0438\u0445 \u0434\u043d\u0435\u0439 \u043f\u043e\u0441\u043b\u0435 \u043f\u043e\u043b\u0443\u0447\u0435\u043d\u0438\u044f \u043e\u0442 \u0412\u0430\u0441 \u043f\u0440\u0435\u0434\u043e\u043f\u043b\u0430\u0442\u044b.<\/p>\n<p style=\"text-align: justify;\">\u0421\u043f\u043e\u0441\u043e\u0431 \u0434\u043e\u0441\u0442\u0430\u0432\u043a\u0438 \u0437\u0430\u043a\u0430\u0437\u043e\u0432 \u0412\u044b \u043c\u043e\u0436\u0435\u0442\u0435 \u0432\u044b\u0431\u0440\u0430\u0442\u044c \u043f\u0440\u0438 \u043e\u0444\u043e\u0440\u043c\u043b\u0435\u043d\u0438\u0438 \u0437\u0430\u043a\u0430\u0437\u0430. \u0412 \u043d\u0430\u0441\u0442\u043e\u044f\u0449\u0435\u0435 \u0432\u0440\u0435\u043c\u044f \u043f\u0440\u0435\u0434\u043b\u0430\u0433\u0430\u0435\u043c\u044b\u043c\u0438 \u0441\u043f\u043e\u0441\u043e\u0431\u0430\u043c\u0438 \u0434\u043e\u0441\u0442\u0430\u0432\u043a\u0438 \u044f\u0432\u043b\u044f\u044e\u0442\u0441\u044f:<\/p>\n<ul style=\"text-align: justify;\">\n<li>\u043f\u043e\u043b\u0443\u0447\u0435\u043d\u0438\u0435 \u0437\u0430\u043a\u0430\u0437\u0430 \u0432 \u043d\u0430\u0448\u0435\u0439 \u041c\u0430\u0441\u0442\u0435\u0440\u0441\u043a\u043e\u0439 \u043f\u043e \u043e\u0431\u0440\u0430\u043c\u043b\u0435\u043d\u0438\u044e, \u043d\u0430\u0445\u043e\u0434\u044f\u0449\u0435\u0439\u0441\u044f \u043f\u043e \u0430\u0434\u0440\u0435\u0441\u0443: \u0443\u043b\u0438\u0446\u0430 \u0414\u0437\u0438\u0440\u043d\u0430\u0432\u0443 3, \u0432 \u0420\u0438\u0433\u0435 \u0441 10.00 \u0434\u043e 18.00 \u0447\u0430\u0441\u043e\u0432 (\u0437\u0430 \u0438\u0441\u043a\u043b\u044e\u0447\u0435\u043d\u0438\u0435\u043c \u0441\u0443\u0431\u0431\u043e\u0442\u044b \u0438 \u0432\u043e\u0441\u043a\u0440\u0435\u0441\u0435\u043d\u044c\u044f) \u0431\u0435\u0441\u043f\u043b\u0430\u0442\u043d\u043e, \u0415\u0441\u043b\u0438 \u0412\u044b \u0445\u043e\u0442\u0438\u0442\u0435 \u043f\u043e\u043b\u0443\u0447\u0438\u0442\u044c \u0437\u0430\u043a\u0430\u0437 \u0432 \u0441\u0443\u0431\u0431\u043e\u0442\u0443 (\u0441 11:00 \u0434\u043e 15:00 \u0447\u0430\u0441\u043e\u0432), \u0442\u043e, \u0434\u0435\u043b\u0430\u044f \u0437\u0430\u043a\u0430\u0437, \u0432 \u043f\u0440\u0438\u043c\u0435\u0447\u0430\u043d\u0438\u044f\u0445 \u0432\u043f\u0438\u0448\u0438\u0442\u0435 \u201c\u0417\u0430\u043a\u0430\u0437 \u0431\u0443\u0434\u0435\u0442 \u043f\u043e\u043b\u0443\u0447\u0435\u043d \u043f\u043e \u0430\u0434\u0440\u0435\u0441\u0443: \u0443\u043b\u0438\u0446\u0430 \u041b\u0430\u0447\u043f\u043b\u0435\u0448\u0430 2.\u201d;<\/li>\n<\/ul>\n<ul style=\"text-align: justify;\">\n<li>\u0434\u043e\u0441\u0442\u0430\u0432\u043a\u0430 \u0445\u0443\u0434\u043e\u0436\u0435\u0441\u0442\u0432\u0435\u043d\u043d\u044b\u0445 \u0440\u0430\u0431\u043e\u0442 (\u0440\u0430\u0437\u043c\u0435\u0440\u044b \u043a\u043e\u0442\u043e\u0440\u044b\u0445 \u043c\u0435\u043d\u044c\u0448\u0435 170\u0441\u043c x 110 \u0441\u043c) \u0438 \u0441\u0438\u0441\u0442\u0435\u043c\u044b \u0434\u043b\u044f \u043f\u043e\u0434\u0432\u0435\u0448\u0438\u0432\u0430\u043d\u0438\u044f \u043a\u0430\u0440\u0442\u0438\u043d \u0432 \u043f\u0440\u0435\u0434\u0435\u043b\u0430\u0445 \u0420\u0438\u0433\u0438 (<strong>\u0417\u043e\u043d\u0430 1*<\/strong>) &#8212; 10 \u20ac;<\/li>\n<li>\u0434\u043e\u0441\u0442\u0430\u0432\u043a\u0430 \u0445\u0443\u0434\u043e\u0436\u0435\u0441\u0442\u0432\u0435\u043d\u043d\u044b\u0445 \u0440\u0430\u0431\u043e\u0442 (\u0440\u0430\u0437\u043c\u0435\u0440\u044b \u043a\u043e\u0442\u043e\u0440\u044b\u0445 \u043c\u0435\u043d\u044c\u0448\u0435 170\u0441\u043c x 110 \u0441\u043c) \u0438 \u0441\u0438\u0441\u0442\u0435\u043c\u044b \u0434\u043b\u044f \u043f\u043e\u0434\u0432\u0435\u0448\u0438\u0432\u0430\u043d\u0438\u044f \u043a\u0430\u0440\u0442\u0438\u043d \u0432 \u043f\u0440\u0435\u0434\u0435\u043b\u0430\u0445 \u0420\u0438\u0433\u0438\u00a0(<strong>\u0417\u043e\u043d\u0430 2**<\/strong>) &#8212; 17 \u20ac;<\/li>\n<li>\u0434\u043e\u0441\u0442\u0430\u0432\u043a\u0430 \u0445\u0443\u0434\u043e\u0436\u0435\u0441\u0442\u0432\u0435\u043d\u043d\u044b\u0445 \u0440\u0430\u0431\u043e\u0442 (\u0440\u0430\u0437\u043c\u0435\u0440\u044b \u043a\u043e\u0442\u043e\u0440\u044b\u0445 \u043c\u0435\u043d\u044c\u0448\u0435 170\u0441\u043c x 110 \u0441\u043c) \u0438 \u0441\u0438\u0441\u0442\u0435\u043c\u044b \u0434\u043b\u044f \u043f\u043e\u0434\u0432\u0435\u0448\u0438\u0432\u0430\u043d\u0438\u044f \u043a\u0430\u0440\u0442\u0438\u043d \u0432 \u0420\u0438\u0436\u0441\u043a\u043e\u043c \u0440\u0430\u0439\u043e\u043d\u0435 (<strong>\u0417\u043e\u043d\u0430 3***<\/strong>) &#8212; 25 \u20ac;<\/li>\n<\/ul>\n<ul style=\"text-align: justify;\">\n<li>\u0434\u043e\u0441\u0442\u0430\u0432\u043a\u0430 \u043f\u043e\u0441\u044b\u043b\u043a\u0438 \u0434\u043b\u044f \u0445\u0443\u0434\u043e\u0436\u0435\u0441\u0442\u0432\u0435\u043d\u043d\u044b\u0445 \u0440\u0430\u0431\u043e\u0442, \u0440\u0430\u0437\u043c\u0435\u0440\u044b \u043a\u043e\u0442\u043e\u0440\u044b\u0445 \u0431\u043e\u043b\u0435\u0435 170\u0441\u043c x 110 \u0441\u043c (\u043c\u044b \u0441\u0432\u044f\u0436\u0435\u043c\u0441\u044f \u0441 \u0412\u0430\u043c\u0438 \u0438 \u0441\u0442\u043e\u0438\u043c\u043e\u0441\u0442\u044c \u0434\u043e\u0441\u0442\u0430\u0432\u043a\u0438 \u0431\u0443\u0434\u0435\u0442 \u0443\u0442\u043e\u0447\u043d\u0435\u043d\u0430).<\/li>\n<li>\u0435\u0441\u043b\u0438 \u0442\u043e\u0432\u0430\u0440 \u0434\u043e\u043b\u0436\u0435\u043d \u0431\u044b\u0442\u044c \u0434\u043e\u0441\u0442\u0430\u0432\u043b\u0435\u043d \u0437\u0430 \u043f\u0440\u0435\u0434\u0435\u043b\u0430\u043c\u0438 \u041b\u0430\u0442\u0432\u0438\u0438, \u043f\u043e\u0436\u0430\u043b\u0443\u0439\u0441\u0442\u0430, \u0441\u0432\u044f\u0436\u0438\u0442\u0435\u0441\u044c \u0441 \u043d\u0430\u043c\u0438.<\/li>\n<\/ul>\n<p style=\"text-align: justify;\">* <strong>\u0417\u043e\u043d\u0430 1<\/strong> &#8212;\u00a0Vecr\u012bga, Centrs, P\u0113tersala, Andrejsala, Sarkandaugava, Skanste, Brasa, Gr\u012bzi\u0146kalns, Avoti, Maskavas for\u0161tate, Salas, Tor\u0146kalns, \u0100genskalns, Zasulauks, \u0136\u012bpsala, Dzirciems, I\u013c\u0123uciems<\/p>\n<p style=\"text-align: justify;\">** <strong>\u0417\u043e\u043d\u0430 2<\/strong> &#8212;\u00a0Manga\u013csala, Vec\u0101\u0137i, Vecdauguava, Vecmilgr\u0101vis, Tr\u012bsciems, Jaunciems, Su\u017ei, Bukulti, Ber\u0123i, Brek\u0161i, Jugla, Kundzi\u0146sala, Milgr\u0101vis, Me\u017eparks, \u010ciekurkalns, Teika, Me\u017eciems, Purvciems, Dreili\u0146i, D\u0101rzciems, P\u013cavnieki, \u0160\u0137irotava, \u0136engarags, Rumbula, D\u0101rzi\u0146i, Bi\u0161u mui\u017ea, Ziepniekkalns, Atg\u0101zene, Bieri\u0146i, Pleskod\u0101le, \u0160amp\u0113ters, Zolit\u016bde, M\u016bkupurvs, Beberbe\u0137i, Imanta, Spilve, Kleisti, R\u012btabu\u013c\u013ci, Bolder\u0101ja, Daugavgr\u012bva, Voleri<\/p>\n<p style=\"text-align: justify;\">*** <strong>\u0417\u043e\u043d\u0430 3<\/strong> &#8212;\u00a0Bab\u012bte, M\u0101rupe, Balo\u017ei, Dreili\u0146i, Ulbroka, Ber\u0123i, Upesciems, Langsti\u0146i, Baltezers.<\/p>\n<p><img loading=\"lazy\" class=\"alignnone size-medium wp-image-4362\" src=\"https:\/\/ieramepats.lv\/wp-content\/uploads\/2020\/11\/piegades-Riga-500x470.jpg\" alt=\"pieg\u0101des R\u012bg\u0101 un t\u0101 apk\u0101rtn\u0113\" width=\"500\" height=\"470\" srcset=\"https:\/\/ieramepats.lv\/wp-content\/uploads\/2020\/11\/piegades-Riga-500x470.jpg 500w, https:\/\/ieramepats.lv\/wp-content\/uploads\/2020\/11\/piegades-Riga-768x722.jpg 768w, https:\/\/ieramepats.lv\/wp-content\/uploads\/2020\/11\/piegades-Riga-1200x1129.jpg 1200w, https:\/\/ieramepats.lv\/wp-content\/uploads\/2020\/11\/piegades-Riga-360x339.jpg 360w, https:\/\/ieramepats.lv\/wp-content\/uploads\/2020\/11\/piegades-Riga.jpg 2048w\" sizes=\"(max-width: 500px) 100vw, 500px\" \/><\/p>\n<p style=\"text-align: justify;\">\u0412 \u0437\u0430\u0432\u0438\u0441\u0438\u043c\u043e\u0441\u0442\u0438 \u043e\u0442 \u0432\u044b\u0431\u0440\u0430\u043d\u043d\u043e\u0433\u043e \u0441\u043f\u043e\u0441\u043e\u0431\u0430 \u0434\u043e\u0441\u0442\u0430\u0432\u043a\u0438, \u043a\u043e\u043c\u043f\u043b\u0435\u043a\u0442\u0430\u0446\u0438\u044f \u0438 \u0434\u043e\u0441\u0442\u0430\u0432\u043a\u0430 \u0437\u0430\u043a\u0430\u0437\u0430 \u043c\u043e\u0436\u0435\u0442 \u043f\u0440\u043e\u0434\u043e\u043b\u0436\u0430\u0442\u044c\u0441\u044f \u0432 \u0442\u0435\u0447\u0435\u043d\u0438\u0435 2-3 \u0440\u0430\u0431\u043e\u0447\u0438\u0445 \u0434\u043d\u0435\u0439.<\/p>\n<p style=\"text-align: justify;\">\u0415\u0441\u043b\u0438 \u0445\u043e\u0442\u0438\u0442\u0435, \u0447\u0442\u043e\u0431\u044b \u0412\u0430\u0448\u0430 \u0445\u0443\u0434\u043e\u0436\u0435\u0441\u0442\u0432\u0435\u043d\u043d\u0430\u044f \u0440\u0430\u0431\u043e\u0442\u0430 \u0442\u0430\u043a\u0436\u0435 \u0431\u044b\u043b\u0430 \u0431\u044b \u0441\u0440\u0430\u0437\u0443 \u0432\u0441\u0442\u0430\u0432\u043b\u0435\u043d\u0430 \u0432 \u0440\u0430\u043c\u0443, \u0442\u043e \u0432\u043e\u0437\u044c\u043c\u0438\u0442\u0435 \u0435\u0435 \u0441 \u0441\u043e\u0431\u043e\u0439, \u043a\u043e\u0433\u0434\u0430 \u0431\u0443\u0434\u0435\u0442\u0435 \u0437\u0430\u0431\u0438\u0440\u0430\u0442\u044c \u0437\u0430\u043a\u0430\u0437 \u0438\u0437 \u0421\u0430\u043b\u043e\u043d\u0430 \u043f\u043e \u043e\u0431\u0440\u0430\u043c\u043b\u0435\u043d\u0438\u044e, \u043d\u0430\u0445\u043e\u0434\u044f\u0449\u0435\u0433\u043e\u0441\u044f \u043f\u043e \u0430\u0434\u0440\u0435\u0441\u0443: \u0443\u043b\u0438\u0446\u0430 \u0414\u0437\u0438\u0440\u043d\u0430\u0432\u0443 3. \u0426\u0435\u043d\u0430 \u043e\u0442 2.50 \u20ac \u0434\u043e 10 \u20ac.<\/p>\n<p style=\"text-align: justify;\"><b>\u0413\u0430\u0440\u0430\u043d\u0442\u0438\u044f \u0432\u043e\u0437\u0432\u0440\u0430\u0442\u0430 \u0434\u0435\u043d\u0435\u0433<\/b><\/p>\n<p style=\"text-align: justify;\">\u041f\u043e \u0437\u0430\u043a\u043e\u043d\u043e\u0434\u0430\u0442\u0435\u043b\u044c\u0441\u0442\u0432\u0443 \u043d\u0430\u0448\u0435\u0433\u043e \u0433\u043e\u0441\u0443\u0434\u0430\u0440\u0441\u0442\u0432\u0430 \u0443 \u0412\u0430\u0441 \u0438\u043c\u0435\u0435\u0442\u0441\u044f \u043f\u0440\u0430\u0432\u043e \u043f\u0435\u0440\u0435\u0434\u0443\u043c\u0430\u0442\u044c \u0438 \u043e\u0442\u043a\u0430\u0437\u0430\u0442\u044c\u0441\u044f \u043e\u0442 \u043f\u043e\u043a\u0443\u043f\u043a\u0438 \u0432 \u0442\u0435\u0447\u0435\u043d\u0438\u0435 14 \u0434\u043d\u0435\u0439 \u0441 \u043c\u043e\u043c\u0435\u043d\u0442\u0430 \u043f\u043e\u043b\u0443\u0447\u0435\u043d\u0438\u044f \u0442\u043e\u0432\u0430\u0440\u0430. \u041c\u044b \u0432 \u0441\u0432\u043e\u044e \u043e\u0447\u0435\u0440\u0435\u0434\u044c \u0433\u0430\u0440\u0430\u043d\u0442\u0438\u0440\u0443\u0435\u043c \u0412\u0430\u043c, \u0447\u0442\u043e \u0432 \u0442\u0435\u0447\u0435\u043d\u0438\u0435 \u044d\u0442\u043e\u0433\u043e \u043f\u0435\u0440\u0438\u043e\u0434\u0430 \u0432\u0440\u0435\u043c\u0435\u043d\u0438, \u043f\u0440\u0438 \u0432\u043e\u0437\u0432\u0440\u0430\u0442\u0435 \u043f\u0440\u0438\u043e\u0431\u0440\u0435\u0442\u0435\u043d\u043d\u043e\u0433\u043e \u0442\u043e\u0432\u0430\u0440\u0430 \u0431\u0435\u0437 \u043f\u043e\u0432\u0440\u0435\u0436\u0434\u0435\u043d\u0438\u0439, \u0432 \u043f\u043e\u043b\u043d\u043e\u0439 \u043a\u043e\u043c\u043f\u043b\u0435\u043a\u0442\u0430\u0446\u0438\u0438, \u0412\u044b \u0431\u0435\u0437\u043e\u0433\u043e\u0432\u043e\u0440\u043e\u0447\u043d\u043e \u043f\u043e\u043b\u0443\u0447\u0438\u0442\u0435 \u043d\u0430\u0437\u0430\u0434 \u0434\u0435\u043d\u0435\u0436\u043d\u0443\u044e \u0441\u0443\u043c\u043c\u0443, \u0443\u043f\u043b\u0430\u0447\u0435\u043d\u043d\u0443\u044e \u0437\u0430 \u0442\u043e\u0432\u0430\u0440\u044b. \u0412 \u0442\u043e\u043c \u0441\u043b\u0443\u0447\u0430\u0435, \u0435\u0441\u043b\u0438 \u0445\u043e\u0442\u0438\u0442\u0435 \u043e\u0442\u043a\u0430\u0437\u0430\u0442\u044c\u0441\u044f \u043e\u0442 \u0442\u043e\u0432\u0430\u0440\u0430, \u0434\u043e\u0441\u0442\u0430\u0432\u044c\u0442\u0435 \u0435\u0433\u043e \u0432 \u0431\u044e\u0440\u043e \u041e\u041e\u041e Doze L, \u043f\u043e \u0430\u0434\u0440\u0435\u0441\u0443: \u0420\u0438\u0433\u0430, \u0443\u043b\u0438\u0446\u0430 \u0414\u0437\u0438\u0440\u043d\u0430\u0432\u0443 3. \u041d\u0435 \u0437\u0430\u0431\u0443\u0434\u044c\u0442\u0435 \u0434\u043e\u043a\u0443\u043c\u0435\u043d\u0442, \u0441\u0432\u0438\u0434\u0435\u0442\u0435\u043b\u044c\u0441\u0442\u0432\u0443\u044e\u0449\u0438\u0439 \u043e \u043f\u043e\u043a\u0443\u043f\u043a\u0435!<\/p>\n<p style=\"text-align: justify;\">\u0412\u043e\u0437\u0432\u0440\u0430\u0442 \u0434\u0435\u043d\u0435\u0433 \u043e\u0441\u0443\u0449\u0435\u0441\u0442\u0432\u043b\u044f\u0435\u0442\u0441\u044f \u0432 7-\u043c\u0438\u0434\u043d\u0435\u0432\u043d\u044b\u0439 \u0441\u0440\u043e\u043a \u043f\u0443\u0442\u0435\u043c \u0431\u0435\u0437\u043d\u0430\u043b\u0438\u0447\u043d\u043e\u0433\u043e \u043f\u0435\u0440\u0435\u0447\u0438\u0441\u043b\u0435\u043d\u0438\u044f \u0434\u0435\u043d\u0435\u0433 \u043d\u0430 \u0442\u043e\u0442 \u0412\u0430\u0448 \u0441\u0447\u0435\u0442 \u0432 \u0431\u0430\u043d\u043a\u0435, \u0441 \u043a\u043e\u0442\u043e\u0440\u043e\u0433\u043e \u043f\u043e\u043a\u0443\u043f\u043a\u0430 \u0431\u044b\u043b\u0430 \u043e\u043f\u043b\u0430\u0447\u0435\u043d\u0430.<\/p>\n","protected":false},"excerpt":{"rendered":"<p>\u041e\u043f\u043b\u0430\u0442\u0430 \u0442\u043e\u0432\u0430\u0440\u043e\u0432 \u0412 \u043d\u0430\u0441\u0442\u043e\u044f\u0449\u0435\u0435 \u0432\u0440\u0435\u043c\u044f \u0435\u0434\u0438\u043d\u0441\u0442\u0432\u0435\u043d\u043d\u044b\u043c \u0434\u043e\u0441\u0442\u0443\u043f\u043d\u044b\u043c \u0441\u043f\u043e\u0441\u043e\u0431\u043e\u043c \u043e\u043f\u043b\u0430\u0442\u044b \u0434\u043b\u044f \u043f\u043e\u043a\u0443\u043f\u0430\u0442\u0435\u043b\u0435\u0439, \u0441\u043e\u0432\u0435\u0440\u0448\u0430\u044e\u0449\u0438\u0445 \u043f\u043e\u043a\u0443\u043f\u043a\u0438 \u0432 \u0438\u043d\u0442\u0435\u0440\u043d\u0435\u0442-\u043c\u0430\u0433\u0430\u0437\u0438\u043d\u0435 www.ieramepats.lv, \u044f\u0432\u043b\u044f\u0435\u0442\u0441\u044f \u201c\u041f\u0440\u0435\u0434\u043e\u043f\u043b\u0430\u0442\u0430 \u043f\u0435\u0440\u0435\u0447\u0438\u0441\u043b\u0435\u043d\u0438\u0435\u043c\u201d. \u041f\u0440\u0435\u0434\u043e\u043f\u043b\u0430\u0442\u0443 \u0412\u044b \u043c\u043e\u0436\u0435\u0442\u0435 \u0432\u043d\u0435\u0441\u0442\u0438 \u0441 \u043f\u043e\u043c\u043e\u0449\u044c\u044e \u0441\u0432\u043e\u0435\u0433\u043e \u0438\u043d\u0442\u0435\u0440\u043d\u0435\u0442-\u0431\u0430\u043d\u043a\u0430 (SEB, Parex, Swedbank, DnB Nord, \u0438 \u0434\u0440.) \u0438\u043b\u0438 \u0432 \u043b\u044e\u0431\u043e\u043c \u0444\u0438\u043b\u0438\u0430\u043b\u0435 \u0441\u0432\u043e\u0435\u0433\u043e \u0431\u0430\u043d\u043a\u0430, \u043d\u0430 \u043e\u0441\u043d\u043e\u0432\u0430\u043d\u0438\u0438 \u043f\u043e\u0434\u0442\u0432\u0435\u0440\u0436\u0434\u0435\u043d\u0438\u044f \u0437\u0430\u043a\u0430\u0437\u0430 \u043f\u043e\u043b\u0443\u0447\u0435\u043d\u043d\u043e\u0433\u043e \u043f\u043e \u0412\u0430\u0448\u0435\u043c\u0443 \u0430\u0434\u0440\u0435\u0441\u0443 \u044d\u043b\u0435\u043a\u0442\u0440\u043e\u043d\u043d\u043e\u0439 \u043f\u043e\u0447\u0442\u044b, \u0438 \u0443\u043a\u0430\u0437\u0430\u0432 \u0434\u0430\u043d\u043d\u044b\u0439 \u0432 \u043f\u043e\u0434\u0442\u0432\u0435\u0440\u0436\u0434\u0435\u043d\u0438\u0438<a class=\"excerpt-read-more\" href=\"https:\/\/ieramepats.lv\/ru\/dostavka-oplata\/\" title=\"Read\u0414\u043e\u0441\u0442\u0430\u0432\u043a\u0430 \u0438 \u043e\u043f\u043b\u0430\u0442\u0430\">&#8230; Read more &raquo;<\/a><\/p>\n","protected":false},"author":4,"featured_media":0,"parent":0,"menu_order":0,"comment_status":"closed","ping_status":"closed","template":"","meta":[],"_links":{"self":[{"href":"https:\/\/ieramepats.lv\/ru\/wp-json\/wp\/v2\/pages\/1953"}],"collection":[{"href":"https:\/\/ieramepats.lv\/ru\/wp-json\/wp\/v2\/pages"}],"about":[{"href":"https:\/\/ieramepats.lv\/ru\/wp-json\/wp\/v2\/types\/page"}],"author":[{"embeddable":true,"href":"https:\/\/ieramepats.lv\/ru\/wp-json\/wp\/v2\/users\/4"}],"replies":[{"embeddable":true,"href":"https:\/\/ieramepats.lv\/ru\/wp-json\/wp\/v2\/comments?post=1953"}],"version-history":[{"count":3,"href":"https:\/\/ieramepats.lv\/ru\/wp-json\/wp\/v2\/pages\/1953\/revisions"}],"predecessor-version":[{"id":4372,"href":"https:\/\/ieramepats.lv\/ru\/wp-json\/wp\/v2\/pages\/1953\/revisions\/4372"}],"wp:attachment":[{"href":"https:\/\/ieramepats.lv\/ru\/wp-json\/wp\/v2\/media?parent=1953"}],"curies":[{"name":"wp","href":"https:\/\/api.w.org\/{rel}","templated":true}]}}